{"id":4230,"date":"2021-11-17T12:38:44","date_gmt":"2021-11-17T11:38:44","guid":{"rendered":"https:\/\/twp-petsupplies.com\/carriere\/"},"modified":"2021-11-17T12:38:44","modified_gmt":"2021-11-17T11:38:44","slug":"carriere","status":"publish","type":"page","link":"https:\/\/twp-petsupplies.com\/fr\/carriere\/","title":{"rendered":"Carri\u00e8re"},"content":{"rendered":"<div>\n<p style=\"text-align: center;\">Il y a de nombreuses bonnes raisons de faire carri\u00e8re chez <strong>TWP GmbH<\/strong>.<br \/>\nD\u00e9couvre toutes les offres d&#8217;emploi disponibles :<\/p>\n<\/div>\n<div id=\"join-widget\"><script defer type=\"text\/javascript\" data-mount-in=\"#join-widget\" src=\"https:\/\/join.com\/api\/widget\/bundle\/eyJhbGciOiJIUzI1NiIsInR5cCI6IkpXVCJ9.eyJzZXR0aW5ncyI6eyJzaG93Q2F0ZWdvcnlGaWx0ZXIiOnRydWUsInNob3dMb2NhdGlvbkZpbHRlciI6dHJ1ZSwic2hvd0VtcGxveW1lbnRUeXBlRmlsdGVyIjp0cnVlLCJsYW5ndWFnZSI6ImRlIiwiam9ic1BlclBhZ2UiOjI1fSwiam9icyI6e30sImRlc2lnbiI6eyJzaG93TG9nbyI6dHJ1ZSwic2hvd0xvY2F0aW9uIjp0cnVlLCJzaG93RW1wbG95bWVudFR5cGUiOnRydWUsInNob3dDYXRlZ29yeSI6dHJ1ZSwiY29sb3JzIjp7IndpZGdldCI6eyJiYWNrZ3JvdW5kIjoiI0ZGRkZGRiIsImZpbHRlckJvcmRlciI6IiMzYzQ1NTkiLCJwYWdpbmF0aW9uIjoiIzc2YmMyMSJ9LCJqb2JDYXJkIjp7ImJvcmRlciI6IiMzYzQ1NTkiLCJiYWNrZ3JvdW5kIjoiI0ZGRkZGRiIsInByaW1hcnlUZXh0IjoiIzc2YmMyMSIsInNlY29uZGFyeVRleHQiOiIjMGYxODIwIn19fSwidmVyc2lvbiI6MiwiY29tcGFueVB1YmxpY0lkIjoiMDI0MGNmMzM5MDZmNDk3ZDI0NDUyNzEyNGJhZmQwZjQiLCJpYXQiOjE2MzcxNDg3ODYsImp0aSI6ImQ5ZGQ1Mjk4LWJkNTgtNGE3Ny1hMDgyLWJiN2UzOTc5Yjg3NyJ9.TXLeT07P9BiY9qqoP-AsbGuhHhzmLxjWPLpvkhC8CGk\"><\/script><\/div>\n<div style=\"text-align: center;\">Les candidatures spontan\u00e9es sont \u00e0 envoyer \u00e0 l&rsquo;adresse e-mail suivante :<br \/>\n<strong><a href=\"mailto:bewerbung@twp-petsupplies.com\">candidature@twp-petsupplies.com<\/a><\/strong><\/div>\n","protected":false},"excerpt":{"rendered":"<p>Il y a de nombreuses bonnes raisons de faire carri\u00e8re chez TWP GmbH. D\u00e9couvre toutes les offres d&#8217;emploi disponibles : Les candidatures spontan\u00e9es sont \u00e0 envoyer \u00e0 l&rsquo;adresse e-mail suivante : candidature@twp-petsupplies.com<\/p>\n","protected":false},"author":1,"featured_media":0,"parent":0,"menu_order":0,"comment_status":"closed","ping_status":"closed","template":"","meta":{"footnotes":""},"class_list":["post-4230","page","type-page","status-publish","hentry"],"yoast_head":"<!-- This site is optimized with the Yoast SEO plugin v19.13 - https:\/\/yoast.com\/wordpress\/plugins\/seo\/ -->\n<title>Carri\u00e8re - TWP GmbH<\/title>\n<meta name=\"robots\" content=\"index, follow, max-snippet:-1, max-image-preview:large, max-video-preview:-1\" \/>\n<link rel=\"canonical\" href=\"https:\/\/twp-petsupplies.com\/fr\/carriere\/\" \/>\n<meta property=\"og:locale\" content=\"fr_FR\" \/>\n<meta property=\"og:type\" content=\"article\" \/>\n<meta property=\"og:title\" content=\"Carri\u00e8re - TWP GmbH\" \/>\n<meta property=\"og:description\" content=\"Il y a de nombreuses bonnes raisons de faire carri\u00e8re chez TWP GmbH. D\u00e9couvre toutes les offres d&#8217;emploi disponibles : Les candidatures spontan\u00e9es sont \u00e0 envoyer \u00e0 l&rsquo;adresse e-mail suivante : candidature@twp-petsupplies.com\" \/>\n<meta property=\"og:url\" content=\"https:\/\/twp-petsupplies.com\/fr\/carriere\/\" \/>\n<meta property=\"og:site_name\" content=\"TWP GmbH\" \/>\n<meta name=\"twitter:card\" content=\"summary_large_image\" \/>\n<script type=\"application\/ld+json\" class=\"yoast-schema-graph\">{\"@context\":\"https:\/\/schema.org\",\"@graph\":[{\"@type\":\"WebPage\",\"@id\":\"https:\/\/twp-petsupplies.com\/fr\/carriere\/\",\"url\":\"https:\/\/twp-petsupplies.com\/fr\/carriere\/\",\"name\":\"Carri\u00e8re - TWP GmbH\",\"isPartOf\":{\"@id\":\"https:\/\/twp-petsupplies.com\/#website\"},\"datePublished\":\"2021-11-17T11:38:44+00:00\",\"dateModified\":\"2021-11-17T11:38:44+00:00\",\"breadcrumb\":{\"@id\":\"https:\/\/twp-petsupplies.com\/fr\/carriere\/#breadcrumb\"},\"inLanguage\":\"fr-FR\",\"potentialAction\":[{\"@type\":\"ReadAction\",\"target\":[\"https:\/\/twp-petsupplies.com\/fr\/carriere\/\"]}]},{\"@type\":\"BreadcrumbList\",\"@id\":\"https:\/\/twp-petsupplies.com\/fr\/carriere\/#breadcrumb\",\"itemListElement\":[{\"@type\":\"ListItem\",\"position\":1,\"name\":\"Startseite\",\"item\":\"https:\/\/twp-petsupplies.com\/fr\/\"},{\"@type\":\"ListItem\",\"position\":2,\"name\":\"Carri\u00e8re\"}]},{\"@type\":\"WebSite\",\"@id\":\"https:\/\/twp-petsupplies.com\/#website\",\"url\":\"https:\/\/twp-petsupplies.com\/\",\"name\":\"TWP GmbH\",\"description\":\"\",\"publisher\":{\"@id\":\"https:\/\/twp-petsupplies.com\/#organization\"},\"potentialAction\":[{\"@type\":\"SearchAction\",\"target\":{\"@type\":\"EntryPoint\",\"urlTemplate\":\"https:\/\/twp-petsupplies.com\/?s={search_term_string}\"},\"query-input\":\"required name=search_term_string\"}],\"inLanguage\":\"fr-FR\"},{\"@type\":\"Organization\",\"@id\":\"https:\/\/twp-petsupplies.com\/#organization\",\"name\":\"TWP GmbH\",\"url\":\"https:\/\/twp-petsupplies.com\/\",\"logo\":{\"@type\":\"ImageObject\",\"inLanguage\":\"fr-FR\",\"@id\":\"https:\/\/twp-petsupplies.com\/#\/schema\/logo\/image\/\",\"url\":\"https:\/\/twp-petsupplies.com\/wp-content\/uploads\/2021\/11\/TWP_Logo@4x.png\",\"contentUrl\":\"https:\/\/twp-petsupplies.com\/wp-content\/uploads\/2021\/11\/TWP_Logo@4x.png\",\"width\":402,\"height\":315,\"caption\":\"TWP GmbH\"},\"image\":{\"@id\":\"https:\/\/twp-petsupplies.com\/#\/schema\/logo\/image\/\"}}]}<\/script>\n<!-- \/ Yoast SEO plugin. -->","yoast_head_json":{"title":"Carri\u00e8re - TWP GmbH","robots":{"index":"index","follow":"follow","max-snippet":"max-snippet:-1","max-image-preview":"max-image-preview:large","max-video-preview":"max-video-preview:-1"},"canonical":"https:\/\/twp-petsupplies.com\/fr\/carriere\/","og_locale":"fr_FR","og_type":"article","og_title":"Carri\u00e8re - TWP GmbH","og_description":"Il y a de nombreuses bonnes raisons de faire carri\u00e8re chez TWP GmbH. D\u00e9couvre toutes les offres d&#8217;emploi disponibles : Les candidatures spontan\u00e9es sont \u00e0 envoyer \u00e0 l&rsquo;adresse e-mail suivante : candidature@twp-petsupplies.com","og_url":"https:\/\/twp-petsupplies.com\/fr\/carriere\/","og_site_name":"TWP GmbH","twitter_card":"summary_large_image","schema":{"@context":"https:\/\/schema.org","@graph":[{"@type":"WebPage","@id":"https:\/\/twp-petsupplies.com\/fr\/carriere\/","url":"https:\/\/twp-petsupplies.com\/fr\/carriere\/","name":"Carri\u00e8re - TWP GmbH","isPartOf":{"@id":"https:\/\/twp-petsupplies.com\/#website"},"datePublished":"2021-11-17T11:38:44+00:00","dateModified":"2021-11-17T11:38:44+00:00","breadcrumb":{"@id":"https:\/\/twp-petsupplies.com\/fr\/carriere\/#breadcrumb"},"inLanguage":"fr-FR","potentialAction":[{"@type":"ReadAction","target":["https:\/\/twp-petsupplies.com\/fr\/carriere\/"]}]},{"@type":"BreadcrumbList","@id":"https:\/\/twp-petsupplies.com\/fr\/carriere\/#breadcrumb","itemListElement":[{"@type":"ListItem","position":1,"name":"Startseite","item":"https:\/\/twp-petsupplies.com\/fr\/"},{"@type":"ListItem","position":2,"name":"Carri\u00e8re"}]},{"@type":"WebSite","@id":"https:\/\/twp-petsupplies.com\/#website","url":"https:\/\/twp-petsupplies.com\/","name":"TWP GmbH","description":"","publisher":{"@id":"https:\/\/twp-petsupplies.com\/#organization"},"potentialAction":[{"@type":"SearchAction","target":{"@type":"EntryPoint","urlTemplate":"https:\/\/twp-petsupplies.com\/?s={search_term_string}"},"query-input":"required name=search_term_string"}],"inLanguage":"fr-FR"},{"@type":"Organization","@id":"https:\/\/twp-petsupplies.com\/#organization","name":"TWP GmbH","url":"https:\/\/twp-petsupplies.com\/","logo":{"@type":"ImageObject","inLanguage":"fr-FR","@id":"https:\/\/twp-petsupplies.com\/#\/schema\/logo\/image\/","url":"https:\/\/twp-petsupplies.com\/wp-content\/uploads\/2021\/11\/TWP_Logo@4x.png","contentUrl":"https:\/\/twp-petsupplies.com\/wp-content\/uploads\/2021\/11\/TWP_Logo@4x.png","width":402,"height":315,"caption":"TWP GmbH"},"image":{"@id":"https:\/\/twp-petsupplies.com\/#\/schema\/logo\/image\/"}}]}},"_links":{"self":[{"href":"https:\/\/twp-petsupplies.com\/fr\/wp-json\/wp\/v2\/pages\/4230","targetHints":{"allow":["GET"]}}],"collection":[{"href":"https:\/\/twp-petsupplies.com\/fr\/wp-json\/wp\/v2\/pages"}],"about":[{"href":"https:\/\/twp-petsupplies.com\/fr\/wp-json\/wp\/v2\/types\/page"}],"author":[{"embeddable":true,"href":"https:\/\/twp-petsupplies.com\/fr\/wp-json\/wp\/v2\/users\/1"}],"replies":[{"embeddable":true,"href":"https:\/\/twp-petsupplies.com\/fr\/wp-json\/wp\/v2\/comments?post=4230"}],"version-history":[{"count":0,"href":"https:\/\/twp-petsupplies.com\/fr\/wp-json\/wp\/v2\/pages\/4230\/revisions"}],"wp:attachment":[{"href":"https:\/\/twp-petsupplies.com\/fr\/wp-json\/wp\/v2\/media?parent=4230"}],"curies":[{"name":"wp","href":"https:\/\/api.w.org\/{rel}","templated":true}]}}